{"id":1385,"date":"2021-04-20T11:30:08","date_gmt":"2021-04-20T15:30:08","guid":{"rendered":"http:\/\/tommycafe.ca\/corporate-events\/"},"modified":"2021-06-15T09:06:18","modified_gmt":"2021-06-15T13:06:18","slug":"corporate-events","status":"publish","type":"page","link":"https:\/\/tommycafe.ca\/en\/corporate-events\/","title":{"rendered":"Corporate Events"},"content":{"rendered":"<div class=\"wpb-content-wrapper\"><p>[vc_row full_width=&#8221;stretch_row_content&#8221; equal_height=&#8221;yes&#8221; content_placement=&#8221;middle&#8221; enable_overlay=&#8221;enable_overlay_value&#8221; overlay_color=&#8221;rgba(255,255,255,0.8)&#8221;][vc_column width=&#8221;1\/2&#8243; css=&#8221;.vc_custom_1618496845879{padding-right: 75px !important;padding-left: 75px !important;background-color: #f9f4f0 !important;}&#8221; offset=&#8221;vc_col-xs-12&#8243;]<div class=\"ult-spacer spacer-69ed7e0caf4a9\" data-id=\"69ed7e0caf4a9\" data-height=\"150\" data-height-mobile=\"50\" data-height-tab=\"100\" data-height-tab-portrait=\"100\" data-height-mobile-landscape=\"50\" style=\"clear:both;display:block;\"><\/div><div id=\"ultimate-heading-948069ed7e0caf56a\" class=\"uvc-heading ult-adjust-bottom-margin ultimate-heading-948069ed7e0caf56a uvc-7193  uvc-heading-default-font-sizes\" data-hspacer=\"no_spacer\"  data-halign=\"center\" style=\"text-align:center\"><div class=\"uvc-heading-spacer no_spacer\" style=\"top\"><\/div><div class=\"uvc-sub-heading ult-responsive\"  data-ultimate-target='.uvc-heading.ultimate-heading-948069ed7e0caf56a .uvc-sub-heading '  data-responsive-json-new='{\"font-size\":\"\",\"line-height\":\"\"}'  style=\"font-weight:bold;color:#dec0a9;margin-bottom:50px;\"><\/p>\n<h1 style=\"text-align: left; font-weight: bold; color: #dec0a9;\">Corporate Events<\/h1>\n<p><\/div><\/div>[vc_column_text el_class=&#8221;events-text&#8221;]<strong>Are you planning a corporate event soon?<\/strong><\/p>\n<p><strong>Book now for an unforgettable experience in a unique d\u00e9cor.<\/strong><\/p>\n<p>&nbsp;<\/p>\n<p>The restaurant&#8217;s flexible layout is perfect for all types of corporate events, product launches, cocktails, business meetings, birthdays, or any other special occasion.<\/p>\n<p>Full bar and entertainment license, custom-made menus tailored to your needs and budget (classic menu, tapas, hors-d&#8217;oeuvres, buffet?)<\/p>\n<p>Additional services\u00a0also available: DJ, flat screen &amp; DVD, microphone, mezzanine, security, valet?<\/p>\n<div>More than 500 companies have already trusted us with their corporate events: Ubisoft, Les Canadiens de Montr\u00e9al, La Senza, Jeune Chambre de Commerce, CSST, Blinds to go, Pattison, Francklin Temploton, Saputo, Brothers, Bell, Videotron, HEC, John Molson School of Business, JTI, BNC, TD Canada Trust, Banque Royale du Canada, Manuvie, Rogers, Stingway Digital, Standard Life, Northgate, Blakes, Diesel, Fuller Landau, Puzzle Reccords, EA sports, Evanoe Campbridge, Lavery, Pfizer, Qu\u00e9b\u00e9cor M\u00e9dia, Astral M\u00e9dia, Gaz M\u00e9tro, Hydro-Qu\u00e9bec.<\/div>\n<p>[\/vc_column_text]<div class=\"ult-spacer spacer-69ed7e0caf5ed\" data-id=\"69ed7e0caf5ed\" data-height=\"150\" data-height-mobile=\"50\" data-height-tab=\"100\" data-height-tab-portrait=\"100\" data-height-mobile-landscape=\"50\" style=\"clear:both;display:block;\"><\/div>[\/vc_column][vc_column width=&#8221;1\/2&#8243; css=&#8221;.vc_custom_1618934255530{padding-top: 0px !important;padding-right: 75px !important;padding-bottom: 0px !important;padding-left: 75px !important;}&#8221; offset=&#8221;vc_col-xs-12&#8243;]<div class=\"ult-spacer spacer-69ed7e0caf633\" data-id=\"69ed7e0caf633\" data-height=\"150\" data-height-mobile=\"50\" data-height-tab=\"100\" data-height-tab-portrait=\"100\" data-height-mobile-landscape=\"50\" style=\"clear:both;display:block;\"><\/div><div id=\"ultimate-heading-966469ed7e0caf685\" class=\"uvc-heading ult-adjust-bottom-margin ultimate-heading-966469ed7e0caf685 uvc-3134  uvc-heading-default-font-sizes\" data-hspacer=\"no_spacer\"  data-halign=\"center\" style=\"text-align:center\"><div class=\"uvc-heading-spacer no_spacer\" style=\"top\"><\/div><div class=\"uvc-sub-heading ult-responsive\"  data-ultimate-target='.uvc-heading.ultimate-heading-966469ed7e0caf685 .uvc-sub-heading '  data-responsive-json-new='{\"font-size\":\"\",\"line-height\":\"\"}'  style=\"font-weight:normal;color:#dec0a9;margin-bottom:25px;\"><\/p>\n<h4 style=\"color: #dec0a9; text-align: center;\">Contact us for more details<\/h4>\n<p><\/div><\/div><div role=\"form\" class=\"wpcf7\" id=\"wpcf7-f1381-o1\" lang=\"fr-FR\" dir=\"ltr\">\n<div class=\"screen-reader-response\"><p role=\"status\" aria-live=\"polite\" aria-atomic=\"true\"><\/p> <ul><\/ul><\/div>\n<form action=\"\/en\/wp-json\/wp\/v2\/pages\/1385#wpcf7-f1381-o1\" method=\"post\" class=\"wpcf7-form init\" novalidate=\"novalidate\" data-status=\"init\">\n<div style=\"display: none;\">\n<input type=\"hidden\" name=\"_wpcf7\" value=\"1381\" \/>\n<input type=\"hidden\" name=\"_wpcf7_version\" value=\"5.4.1\" \/>\n<input type=\"hidden\" name=\"_wpcf7_locale\" value=\"fr_FR\" \/>\n<input type=\"hidden\" name=\"_wpcf7_unit_tag\" value=\"wpcf7-f1381-o1\" \/>\n<input type=\"hidden\" name=\"_wpcf7_container_post\" value=\"0\" \/>\n<input type=\"hidden\" name=\"_wpcf7_posted_data_hash\" value=\"\" \/>\n<input type=\"hidden\" name=\"_wpcf7_recaptcha_response\" value=\"\" \/>\n<\/div>\n<p><span class=\"wpcf7-form-control-wrap Nom\"><input type=\"text\" name=\"Nom\" value=\"\" size=\"40\" class=\"wpcf7-form-control wpcf7-text wpcf7-validates-as-required\" aria-required=\"true\" aria-invalid=\"false\" placeholder=\"NAME\" \/><\/span><\/p>\n<p><span class=\"wpcf7-form-control-wrap e-mail\"><input type=\"email\" name=\"e-mail\" value=\"\" size=\"40\" class=\"wpcf7-form-control wpcf7-text wpcf7-email wpcf7-validates-as-required wpcf7-validates-as-email\" aria-required=\"true\" aria-invalid=\"false\" placeholder=\"EMAIL\" \/><\/span><\/p>\n<p><label style=\"color: #016143; font-family: 'Freight';\">LOCATION:<\/label><br \/>\n<span class=\"wpcf7-form-control-wrap Location\"><select name=\"Location\" class=\"wpcf7-form-control wpcf7-select wpcf7-validates-as-required\" aria-required=\"true\" aria-invalid=\"false\"><option value=\"NOTRE-DAME\">NOTRE-DAME<\/option><option value=\"SAINT-PAUL\">SAINT-PAUL<\/option><\/select><\/span><\/p>\n<p><span class=\"wpcf7-form-control-wrap message\"><textarea name=\"message\" cols=\"40\" rows=\"10\" class=\"wpcf7-form-control wpcf7-textarea wpcf7-validates-as-required\" aria-required=\"true\" aria-invalid=\"false\" placeholder=\"COMMENTS\"><\/textarea><\/span><\/p>\n<p><input type=\"submit\" value=\"SEND\" class=\"wpcf7-form-control wpcf7-submit\" \/><\/p>\n<div class=\"wpcf7-response-output\" aria-hidden=\"true\"><\/div><\/form><\/div><div class=\"ult-spacer spacer-69ed7e0cb103c\" data-id=\"69ed7e0cb103c\" data-height=\"150\" data-height-mobile=\"50\" data-height-tab=\"100\" data-height-tab-portrait=\"100\" data-height-mobile-landscape=\"50\" style=\"clear:both;display:block;\"><\/div>[\/vc_column][\/vc_row]<\/p>\n<\/div>","protected":false},"excerpt":{"rendered":"<p>[vc_row full_width=&#8221;stretch_row_content&#8221; equal_height=&#8221;yes&#8221; content_placement=&#8221;middle&#8221; enable_overlay=&#8221;enable_overlay_value&#8221; overlay_color=&#8221;rgba(255,255,255,0.8)&#8221;][vc_column width=&#8221;1\/2&#8243; css=&#8221;.vc_custom_1618496845879{padding-right: 75px !important;padding-left: 75px !important;background-color: #f9f4f0 !important;}&#8221; offset=&#8221;vc_col-xs-12&#8243;][vc_column_text el_class=&#8221;events-text&#8221;]Are you planning a corporate event soon? Book now for an unforgettable experience in a unique d\u00e9cor. &nbsp; The restaurant&#8217;s flexible layout is perfect for all types of corporate events, product launches, cocktails, business meetings, birthdays, or any other special&hellip;<\/p>\n","protected":false},"author":9,"featured_media":0,"parent":0,"menu_order":0,"comment_status":"closed","ping_status":"closed","template":"","meta":[],"class_list":["post-1385","page","type-page","status-publish","hentry","description-off"],"yoast_head":"<!-- This site is optimized with the Yoast SEO plugin v16.4 - https:\/\/yoast.com\/wordpress\/plugins\/seo\/ -->\n<title>Corporate Events - Tommy Caf\u00e9 - Be the movement<\/title>\n<meta name=\"description\" content=\"Le meilleur caf\u00e9 de quartier o\u00f9 se retrouver entre amis pour prendre un bon caf\u00e9, et bruncher \u00e0 toute heure de la journ\u00e9e.\" \/>\n<meta name=\"robots\" content=\"index, follow, max-snippet:-1, max-image-preview:large, max-video-preview:-1\" \/>\n<link rel=\"canonical\" href=\"https:\/\/tommycafe.ca\/en\/corporate-events\/\" \/>\n<meta property=\"og:locale\" content=\"en_US\" \/>\n<meta property=\"og:type\" content=\"article\" \/>\n<meta property=\"og:title\" content=\"Corporate Events - Tommy Caf\u00e9 - Be the movement\" \/>\n<meta property=\"og:description\" content=\"Le meilleur caf\u00e9 de quartier o\u00f9 se retrouver entre amis pour prendre un bon caf\u00e9, et bruncher \u00e0 toute heure de la journ\u00e9e.\" \/>\n<meta property=\"og:url\" content=\"https:\/\/tommycafe.ca\/en\/corporate-events\/\" \/>\n<meta property=\"og:site_name\" content=\"Tommy Caf\u00e9\" \/>\n<meta property=\"article:modified_time\" content=\"2021-06-15T13:06:18+00:00\" \/>\n<meta property=\"og:image\" content=\"https:\/\/tommycafe.ca\/wp-content\/uploads\/2021\/06\/TOMMY_LOGO_Officiel-2020.pdf-e1623683798507.jpg\" \/>\n\t<meta property=\"og:image:width\" content=\"500\" \/>\n\t<meta property=\"og:image:height\" content=\"137\" \/>\n<meta name=\"twitter:card\" content=\"summary_large_image\" \/>\n<meta name=\"twitter:label1\" content=\"Est. reading time\" \/>\n\t<meta name=\"twitter:data1\" content=\"2 minutes\" \/>\n<script type=\"application\/ld+json\" class=\"yoast-schema-graph\">{\"@context\":\"https:\/\/schema.org\",\"@graph\":[{\"@type\":\"Organization\",\"@id\":\"https:\/\/tommycafe.ca\/en\/#organization\",\"name\":\"Tommy Caf\\u00e9\",\"url\":\"https:\/\/tommycafe.ca\/en\/\",\"sameAs\":[],\"logo\":{\"@type\":\"ImageObject\",\"@id\":\"https:\/\/tommycafe.ca\/en\/#logo\",\"inLanguage\":\"en-US\",\"url\":\"http:\/\/tommycafe.ca\/wp-content\/uploads\/2021\/06\/TOMMY_LOGO_Officiel-2020-2.pdf-e1623683767420.jpg\",\"contentUrl\":\"http:\/\/tommycafe.ca\/wp-content\/uploads\/2021\/06\/TOMMY_LOGO_Officiel-2020-2.pdf-e1623683767420.jpg\",\"width\":250,\"height\":68,\"caption\":\"Tommy Caf\\u00e9\"},\"image\":{\"@id\":\"https:\/\/tommycafe.ca\/en\/#logo\"}},{\"@type\":\"WebSite\",\"@id\":\"https:\/\/tommycafe.ca\/en\/#website\",\"url\":\"https:\/\/tommycafe.ca\/en\/\",\"name\":\"Tommy Caf\\u00e9\",\"description\":\"\",\"publisher\":{\"@id\":\"https:\/\/tommycafe.ca\/en\/#organization\"},\"potentialAction\":[{\"@type\":\"SearchAction\",\"target\":\"https:\/\/tommycafe.ca\/en\/?s={search_term_string}\",\"query-input\":\"required name=search_term_string\"}],\"inLanguage\":\"en-US\"},{\"@type\":\"WebPage\",\"@id\":\"https:\/\/tommycafe.ca\/en\/corporate-events\/#webpage\",\"url\":\"https:\/\/tommycafe.ca\/en\/corporate-events\/\",\"name\":\"Corporate Events - Tommy Caf\\u00e9 - Be the movement\",\"isPartOf\":{\"@id\":\"https:\/\/tommycafe.ca\/en\/#website\"},\"datePublished\":\"2021-04-20T15:30:08+00:00\",\"dateModified\":\"2021-06-15T13:06:18+00:00\",\"description\":\"Le meilleur caf\\u00e9 de quartier o\\u00f9 se retrouver entre amis pour prendre un bon caf\\u00e9, et bruncher \\u00e0 toute heure de la journ\\u00e9e.\",\"breadcrumb\":{\"@id\":\"https:\/\/tommycafe.ca\/en\/corporate-events\/#breadcrumb\"},\"inLanguage\":\"en-US\",\"potentialAction\":[{\"@type\":\"ReadAction\",\"target\":[\"https:\/\/tommycafe.ca\/en\/corporate-events\/\"]}]},{\"@type\":\"BreadcrumbList\",\"@id\":\"https:\/\/tommycafe.ca\/en\/corporate-events\/#breadcrumb\",\"itemListElement\":[{\"@type\":\"ListItem\",\"position\":1,\"item\":{\"@type\":\"WebPage\",\"@id\":\"https:\/\/tommycafe.ca\/en\/\",\"url\":\"https:\/\/tommycafe.ca\/en\/\",\"name\":\"Home\"}},{\"@type\":\"ListItem\",\"position\":2,\"item\":{\"@id\":\"https:\/\/tommycafe.ca\/en\/corporate-events\/#webpage\"}}]}]}<\/script>\n<!-- \/ Yoast SEO plugin. -->","_links":{"self":[{"href":"https:\/\/tommycafe.ca\/en\/wp-json\/wp\/v2\/pages\/1385","targetHints":{"allow":["GET"]}}],"collection":[{"href":"https:\/\/tommycafe.ca\/en\/wp-json\/wp\/v2\/pages"}],"about":[{"href":"https:\/\/tommycafe.ca\/en\/wp-json\/wp\/v2\/types\/page"}],"author":[{"embeddable":true,"href":"https:\/\/tommycafe.ca\/en\/wp-json\/wp\/v2\/users\/9"}],"replies":[{"embeddable":true,"href":"https:\/\/tommycafe.ca\/en\/wp-json\/wp\/v2\/comments?post=1385"}],"version-history":[{"count":11,"href":"https:\/\/tommycafe.ca\/en\/wp-json\/wp\/v2\/pages\/1385\/revisions"}],"predecessor-version":[{"id":1415,"href":"https:\/\/tommycafe.ca\/en\/wp-json\/wp\/v2\/pages\/1385\/revisions\/1415"}],"wp:attachment":[{"href":"https:\/\/tommycafe.ca\/en\/wp-json\/wp\/v2\/media?parent=1385"}],"curies":[{"name":"wp","href":"https:\/\/api.w.org\/{rel}","templated":true}]}}